{"id":1072,"date":"2023-08-04T20:07:56","date_gmt":"2023-08-04T18:07:56","guid":{"rendered":"https:\/\/www.cristinagestido.com\/?page_id=1072"},"modified":"2025-09-23T11:55:05","modified_gmt":"2025-09-23T09:55:05","slug":"trabajos","status":"publish","type":"page","link":"https:\/\/www.cristinagestido.com\/en\/jobs\/","title":{"rendered":"JOBS"},"content":{"rendered":"<div data-elementor-type=\"wp-page\" data-elementor-id=\"1072\" class=\"elementor elementor-1072\" data-elementor-post-type=\"page\">\n\t\t\t\t\t\t<section class=\"elementor-section elementor-top-section elementor-element elementor-element-91ef6fe elementor-section-boxed elementor-section-height-default elementor-section-height-default\" data-id=\"91ef6fe\" data-element_type=\"section\">\n\t\t\t\t\t\t<div class=\"elementor-container elementor-column-gap-default\">\n\t\t\t\t\t<div class=\"elementor-column elementor-col-100 elementor-top-column elementor-element elementor-element-0360cb6\" data-id=\"0360cb6\" data-element_type=\"column\">\n\t\t\t<div class=\"elementor-widget-wrap elementor-element-populated\">\n\t\t\t\t\t\t<div class=\"elementor-element elementor-element-2613296 elementor-invisible elementor-widget elementor-widget-heading\" data-id=\"2613296\" data-element_type=\"widget\" data-settings=\"{&quot;_animation&quot;:&quot;fadeInUp&quot;}\" data-widget_type=\"heading.default\">\n\t\t\t\t<div class=\"elementor-widget-container\">\n\t\t\t\t\t<h1 class=\"elementor-heading-title elementor-size-default\">Works for Audiovisuals<\/h1>\t\t\t\t<\/div>\n\t\t\t\t<\/div>\n\t\t\t\t<div class=\"elementor-element elementor-element-f2c399a elementor-widget-divider--view-line elementor-widget elementor-widget-divider\" data-id=\"f2c399a\" data-element_type=\"widget\" data-widget_type=\"divider.default\">\n\t\t\t\t<div class=\"elementor-widget-container\">\n\t\t\t\t\t\t\t<div class=\"elementor-divider\">\n\t\t\t<span class=\"elementor-divider-separator\">\n\t\t\t\t\t\t<\/span>\n\t\t<\/div>\n\t\t\t\t\t\t<\/div>\n\t\t\t\t<\/div>\n\t\t\t\t\t<\/div>\n\t\t<\/div>\n\t\t\t\t\t<\/div>\n\t\t<\/section>\n\t\t\t\t<section class=\"elementor-section elementor-top-section elementor-element elementor-element-bcf13ff elementor-section-boxed elementor-section-height-default elementor-section-height-default\" data-id=\"bcf13ff\" data-element_type=\"section\">\n\t\t\t\t\t\t<div class=\"elementor-container elementor-column-gap-no\">\n\t\t\t\t\t<div class=\"elementor-column elementor-col-50 elementor-top-column elementor-element elementor-element-18d919f\" data-id=\"18d919f\" data-element_type=\"column\">\n\t\t\t<div class=\"elementor-widget-wrap elementor-element-populated\">\n\t\t\t\t\t\t<div class=\"elementor-element elementor-element-5e847df elementor-widget elementor-widget-text-editor\" data-id=\"5e847df\" data-element_type=\"widget\" data-widget_type=\"text-editor.default\">\n\t\t\t\t<div class=\"elementor-widget-container\">\n\t\t\t\t\t\t\t\t\t<p><strong>AUDIOVISUAL COMPOSITION<\/strong><\/p>\t\t\t\t\t\t\t\t<\/div>\n\t\t\t\t<\/div>\n\t\t\t\t<div class=\"elementor-element elementor-element-7b55b63 elementor-widget-divider--view-line elementor-widget elementor-widget-divider\" data-id=\"7b55b63\" data-element_type=\"widget\" data-widget_type=\"divider.default\">\n\t\t\t\t<div class=\"elementor-widget-container\">\n\t\t\t\t\t\t\t<div class=\"elementor-divider\">\n\t\t\t<span class=\"elementor-divider-separator\">\n\t\t\t\t\t\t<\/span>\n\t\t<\/div>\n\t\t\t\t\t\t<\/div>\n\t\t\t\t<\/div>\n\t\t\t\t<div class=\"elementor-element elementor-element-4b13ba9 elementor-widget elementor-widget-text-editor\" data-id=\"4b13ba9\" data-element_type=\"widget\" data-widget_type=\"text-editor.default\">\n\t\t\t\t<div class=\"elementor-widget-container\">\n\t\t\t\t\t\t\t\t\t<ul><li>Composition of the music of the short film \u201cHAIKU\u201d by Ezequiel Sebasti\u00e1n<\/li><li>Composition of the music of the short \u201cLa Distancia\u201d by Fernando Lorenzana<\/li><li>Composition of the music for the play \u00abQuartet\u00bb by Higi\u00e9nico Papel Teatro<\/li><li>Composition of the music for the play \u00abChampagne for the boobs\u00bb by Higi\u00e9nico Papel Teatro<\/li><li>Composition of the music for the documentary &quot;Afinando Asturias&quot;<\/li><li>Composition of the sound identity of the Principality of Asturias Television (TPA), 2024<\/li><li>Composition of publicity for the Television of the Principality of Asturias<\/li><li>Tuning of the Mochileros program (Television of the Principality of Asturias)<\/li><li>Sinton\u00eda del programa \u00abAl Rescate\u00bb (Televisi\u00f3n del Principado de Asturias)<\/li><li>Sinton\u00eda del programa \u00abTablas\u00bb (Televisi\u00f3n del Principado de Asturias)<\/li><li>Musical arrangements for the movie \u201cMAUS\u201d (producer Luis Herrero)<\/li><li>Arrangement for the song &quot;Although you don&#039;t know it&quot; from the movie &quot;I feel like you&quot;<\/li><li>Musical arrangements for advertising, Edu Mart\u00ednez (Sidonie)<\/li><li>Arrangements for ad music for Sync Booth Music (London)\u00a0<\/li><\/ul>\t\t\t\t\t\t\t\t<\/div>\n\t\t\t\t<\/div>\n\t\t\t\t\t<\/div>\n\t\t<\/div>\n\t\t\t\t<div class=\"elementor-column elementor-col-50 elementor-top-column elementor-element elementor-element-49ceaa9\" data-id=\"49ceaa9\" data-element_type=\"column\" data-settings=\"{&quot;background_background&quot;:&quot;classic&quot;}\">\n\t\t\t<div class=\"elementor-widget-wrap elementor-element-populated\">\n\t\t\t\t\t\t<div class=\"elementor-element elementor-element-6242dd3 elementor-widget elementor-widget-spacer\" data-id=\"6242dd3\" data-element_type=\"widget\" data-widget_type=\"spacer.default\">\n\t\t\t\t<div class=\"elementor-widget-container\">\n\t\t\t\t\t\t\t<div class=\"elementor-spacer\">\n\t\t\t<div class=\"elementor-spacer-inner\"><\/div>\n\t\t<\/div>\n\t\t\t\t\t\t<\/div>\n\t\t\t\t<\/div>\n\t\t\t\t\t<\/div>\n\t\t<\/div>\n\t\t\t\t\t<\/div>\n\t\t<\/section>\n\t\t\t\t<section class=\"elementor-section elementor-top-section elementor-element elementor-element-a6999b0 elementor-section-boxed elementor-section-height-default elementor-section-height-default\" data-id=\"a6999b0\" data-element_type=\"section\">\n\t\t\t\t\t\t<div class=\"elementor-container elementor-column-gap-default\">\n\t\t\t\t\t<div class=\"elementor-column elementor-col-100 elementor-top-column elementor-element elementor-element-375f67c\" data-id=\"375f67c\" data-element_type=\"column\">\n\t\t\t<div class=\"elementor-widget-wrap elementor-element-populated\">\n\t\t\t\t\t\t<div class=\"elementor-element elementor-element-098d813 elementor-widget elementor-widget-text-editor\" data-id=\"098d813\" data-element_type=\"widget\" data-widget_type=\"text-editor.default\">\n\t\t\t\t<div class=\"elementor-widget-container\">\n\t\t\t\t\t\t\t\t\t<div><strong style=\"color: var( --e-global-color-text ); font-family: var( --e-global-typography-text-font-family ), Sans-serif; font-size: var( --e-global-typography-text-font-size );\">BANDA SONORA (interpretaci\u00f3n y grabaci\u00f3n)<\/strong><\/div>\t\t\t\t\t\t\t\t<\/div>\n\t\t\t\t<\/div>\n\t\t\t\t<div class=\"elementor-element elementor-element-a16f24a elementor-widget-divider--view-line elementor-widget elementor-widget-divider\" data-id=\"a16f24a\" data-element_type=\"widget\" data-widget_type=\"divider.default\">\n\t\t\t\t<div class=\"elementor-widget-container\">\n\t\t\t\t\t\t\t<div class=\"elementor-divider\">\n\t\t\t<span class=\"elementor-divider-separator\">\n\t\t\t\t\t\t<\/span>\n\t\t<\/div>\n\t\t\t\t\t\t<\/div>\n\t\t\t\t<\/div>\n\t\t\t\t<div class=\"elementor-element elementor-element-38b151a elementor-widget elementor-widget-text-editor\" data-id=\"38b151a\" data-element_type=\"widget\" data-widget_type=\"text-editor.default\">\n\t\t\t\t<div class=\"elementor-widget-container\">\n\t\t\t\t\t\t\t\t\t<ul><li>Soundtrack of the film \u201cIt snows in Benidorm\u201d (A.Vilallonga\/I. Coixet)<\/li><li>Soundtrack of the series \u00abAlma\u00bb (F. Vel\u00e1zquez\/SG S\u00e1nchez)<\/li><li>Soundtrack of the series \u201cThe Last Night at Tremore Beach\u201d (F. Vel\u00e1zquez\/Oriol Paulo)<\/li><li>Collaboration on the soundtrack of the series \u201cQuerer\u201d (F. Vel\u00e1zquez\/A. Ruiz de Az\u00faa)<\/li><li>Banda Sonora del documental \u00abLa Placa\u00bb (A. Garc\u00eda\/J. A. Quir\u00f3s)<\/li><li>Banda Sonora de la pel\u00edcula \u00abDurante la Tormenta\u00bb (F. Vel\u00e1zquez \/ O. Paulo)<\/li><li>Banda Sonora de la pel\u00edcula \u201cEl refugio del mal\u201d (J. L\u00f3pez Guerrera\/F. C\u00e1bez)<\/li><li>Banda Sonora de la Serie \u201cThe emerald city\u201d (Tarsem Singh) Abbey Road<\/li><li>Session musician (viola) at Abbey Road and Air Lyndhurst Studios (London)\u00a0<\/li><\/ul>\t\t\t\t\t\t\t\t<\/div>\n\t\t\t\t<\/div>\n\t\t\t\t\t<\/div>\n\t\t<\/div>\n\t\t\t\t\t<\/div>\n\t\t<\/section>\n\t\t\t\t<section class=\"elementor-section elementor-top-section elementor-element elementor-element-7b0a762 elementor-section-boxed elementor-section-height-default elementor-section-height-default\" data-id=\"7b0a762\" data-element_type=\"section\">\n\t\t\t\t\t\t<div class=\"elementor-container elementor-column-gap-default\">\n\t\t\t\t\t<div class=\"elementor-column elementor-col-100 elementor-top-column elementor-element elementor-element-899bce2\" data-id=\"899bce2\" data-element_type=\"column\">\n\t\t\t<div class=\"elementor-widget-wrap elementor-element-populated\">\n\t\t\t\t\t\t<div class=\"elementor-element elementor-element-dd91465 elementor-widget elementor-widget-text-editor\" data-id=\"dd91465\" data-element_type=\"widget\" data-widget_type=\"text-editor.default\">\n\t\t\t\t<div class=\"elementor-widget-container\">\n\t\t\t\t\t\t\t\t\t<p><strong style=\"color: var( --e-global-color-text ); font-family: var( --e-global-typography-text-font-family ), Sans-serif; font-size: var( --e-global-typography-text-font-size );\">IN PROGRESS<\/strong><\/p>\t\t\t\t\t\t\t\t<\/div>\n\t\t\t\t<\/div>\n\t\t\t\t<div class=\"elementor-element elementor-element-ad6f681 elementor-widget-divider--view-line elementor-widget elementor-widget-divider\" data-id=\"ad6f681\" data-element_type=\"widget\" data-widget_type=\"divider.default\">\n\t\t\t\t<div class=\"elementor-widget-container\">\n\t\t\t\t\t\t\t<div class=\"elementor-divider\">\n\t\t\t<span class=\"elementor-divider-separator\">\n\t\t\t\t\t\t<\/span>\n\t\t<\/div>\n\t\t\t\t\t\t<\/div>\n\t\t\t\t<\/div>\n\t\t\t\t<div class=\"elementor-element elementor-element-3cdc6a5 elementor-widget elementor-widget-text-editor\" data-id=\"3cdc6a5\" data-element_type=\"widget\" data-widget_type=\"text-editor.default\">\n\t\t\t\t<div class=\"elementor-widget-container\">\n\t\t\t\t\t\t\t\t\t<ul style=\"font-size: 19.2px; background-color: #ffffff;\"><li style=\"font-size: 19.2px;\"><span style=\"background-color: transparent; color: var( --e-global-color-text ); font-family: var( --e-global-typography-text-font-family ), Sans-serif; font-weight: var( --e-global-typography-text-font-weight );\">Composici\u00f3n y grabaci\u00f3n del proyecto audiovisual \u00abLas 12\u00bb<\/span><\/li><\/ul>\t\t\t\t\t\t\t\t<\/div>\n\t\t\t\t<\/div>\n\t\t\t\t\t<\/div>\n\t\t<\/div>\n\t\t\t\t\t<\/div>\n\t\t<\/section>\n\t\t\t\t<section class=\"elementor-section elementor-top-section elementor-element elementor-element-a6cf586 elementor-section-boxed elementor-section-height-default elementor-section-height-default\" data-id=\"a6cf586\" data-element_type=\"section\">\n\t\t\t\t\t\t<div class=\"elementor-container elementor-column-gap-default\">\n\t\t\t\t\t<div class=\"elementor-column elementor-col-100 elementor-top-column elementor-element elementor-element-7800079\" data-id=\"7800079\" data-element_type=\"column\">\n\t\t\t<div class=\"elementor-widget-wrap elementor-element-populated\">\n\t\t\t\t\t\t<div class=\"elementor-element elementor-element-8b03a8a elementor-align-center elementor-widget elementor-widget-button\" data-id=\"8b03a8a\" data-element_type=\"widget\" data-widget_type=\"button.default\">\n\t\t\t\t<div class=\"elementor-widget-container\">\n\t\t\t\t\t\t\t\t\t<div class=\"elementor-button-wrapper\">\n\t\t\t\t\t<a class=\"elementor-button elementor-button-link elementor-size-md elementor-animation-grow\" href=\"https:\/\/www.cristinagestido.com\/en\/contact\/\">\n\t\t\t\t\t\t<span class=\"elementor-button-content-wrapper\">\n\t\t\t\t\t\t\t\t\t<span class=\"elementor-button-text\">Ask for more information<\/span>\n\t\t\t\t\t<\/span>\n\t\t\t\t\t<\/a>\n\t\t\t\t<\/div>\n\t\t\t\t\t\t\t\t<\/div>\n\t\t\t\t<\/div>\n\t\t\t\t\t<\/div>\n\t\t<\/div>\n\t\t\t\t\t<\/div>\n\t\t<\/section>\n\t\t\t\t<\/div>","protected":false},"excerpt":{"rendered":"<p>Works for Audiovisuals AUDIOVISUAL COMPOSITION Composition of the music for the short film \u201cHAIKU\u201d by Ezequiel Sebasti\u00e1n Composition of the music for the short film \u201cLa Distancia\u201d by Fernando Lorenzana Composition of the music for the play \u201cCuarteto\u201d by Higienico Papel Teatro Composition of the music from the play \u201cChamp\u00e1n por las tetas\u201d by Hygienic [\u2026]<\/p>","protected":false},"author":5,"featured_media":0,"parent":0,"menu_order":4,"comment_status":"closed","ping_status":"closed","template":"","meta":{"_joinchat":[],"footnotes":""},"class_list":["post-1072","page","type-page","status-publish","hentry"],"yoast_head":"<!-- This site is optimized with the Yoast SEO plugin v24.4 - https:\/\/yoast.com\/wordpress\/plugins\/seo\/ -->\n<title>TRABAJOS | Cristina Gestido<\/title>\n<meta name=\"robots\" content=\"index, follow, max-snippet:-1, max-image-preview:large, max-video-preview:-1\" \/>\n<link rel=\"canonical\" href=\"https:\/\/www.cristinagestido.com\/en\/jobs\/\" \/>\n<meta property=\"og:locale\" content=\"en_US\" \/>\n<meta property=\"og:type\" content=\"article\" \/>\n<meta property=\"og:title\" content=\"TRABAJOS | Cristina Gestido\" \/>\n<meta property=\"og:description\" content=\"Trabajos para Audiovisuales COMPOSICI\u00d3N AUDIOVISUAL Composici\u00f3n de la m\u00fasica del corto \u00abHAIKU\u00bb de Ezequiel Sebasti\u00e1n Composici\u00f3n de la m\u00fasica del corto \u00abLa Distancia\u00bb de Fernando Lorenzana Composici\u00f3n de la m\u00fasica de la obra de teatro \u00abCuarteto\u00bb de Higi\u00e9nico Papel Teatro Composici\u00f3n de la m\u00fasica de la obra de teatro \u00abChamp\u00e1n por las tetas\u00bb de Higi\u00e9nico [&hellip;]\" \/>\n<meta property=\"og:url\" content=\"https:\/\/www.cristinagestido.com\/en\/jobs\/\" \/>\n<meta property=\"og:site_name\" content=\"Cristina Gestido\" \/>\n<meta property=\"article:modified_time\" content=\"2025-09-23T09:55:05+00:00\" \/>\n<meta property=\"og:image\" content=\"https:\/\/www.cristinagestido.com\/wp-content\/uploads\/2023\/08\/trabajos.jpg\" \/>\n\t<meta property=\"og:image:width\" content=\"960\" \/>\n\t<meta property=\"og:image:height\" content=\"960\" \/>\n\t<meta property=\"og:image:type\" content=\"image\/jpeg\" \/>\n<meta name=\"twitter:card\" content=\"summary_large_image\" \/>\n<script type=\"application\/ld+json\" class=\"yoast-schema-graph\">{\"@context\":\"https:\/\/schema.org\",\"@graph\":[{\"@type\":\"WebPage\",\"@id\":\"https:\/\/www.cristinagestido.com\/trabajos\/\",\"url\":\"https:\/\/www.cristinagestido.com\/trabajos\/\",\"name\":\"TRABAJOS | Cristina Gestido\",\"isPartOf\":{\"@id\":\"https:\/\/www.cristinagestido.com\/#website\"},\"datePublished\":\"2023-08-04T18:07:56+00:00\",\"dateModified\":\"2025-09-23T09:55:05+00:00\",\"breadcrumb\":{\"@id\":\"https:\/\/www.cristinagestido.com\/trabajos\/#breadcrumb\"},\"inLanguage\":\"en-US\",\"potentialAction\":[{\"@type\":\"ReadAction\",\"target\":[\"https:\/\/www.cristinagestido.com\/trabajos\/\"]}]},{\"@type\":\"BreadcrumbList\",\"@id\":\"https:\/\/www.cristinagestido.com\/trabajos\/#breadcrumb\",\"itemListElement\":[{\"@type\":\"ListItem\",\"position\":1,\"name\":\"Inicio\",\"item\":\"https:\/\/www.cristinagestido.com\/\"},{\"@type\":\"ListItem\",\"position\":2,\"name\":\"TRABAJOS\"}]},{\"@type\":\"WebSite\",\"@id\":\"https:\/\/www.cristinagestido.com\/#website\",\"url\":\"https:\/\/www.cristinagestido.com\/\",\"name\":\"Cristina Gestido\",\"description\":\"Interpretaci\u00f3n y composici\u00f3n\",\"publisher\":{\"@id\":\"https:\/\/www.cristinagestido.com\/#organization\"},\"potentialAction\":[{\"@type\":\"SearchAction\",\"target\":{\"@type\":\"EntryPoint\",\"urlTemplate\":\"https:\/\/www.cristinagestido.com\/?s={search_term_string}\"},\"query-input\":{\"@type\":\"PropertyValueSpecification\",\"valueRequired\":true,\"valueName\":\"search_term_string\"}}],\"inLanguage\":\"en-US\"},{\"@type\":\"Organization\",\"@id\":\"https:\/\/www.cristinagestido.com\/#organization\",\"name\":\"Cristina Gestido\",\"url\":\"https:\/\/www.cristinagestido.com\/\",\"logo\":{\"@type\":\"ImageObject\",\"inLanguage\":\"en-US\",\"@id\":\"https:\/\/www.cristinagestido.com\/#\/schema\/logo\/image\/\",\"url\":\"https:\/\/www.cristinagestido.com\/wp-content\/uploads\/2023\/08\/ig-1.png\",\"contentUrl\":\"https:\/\/www.cristinagestido.com\/wp-content\/uploads\/2023\/08\/ig-1.png\",\"width\":1920,\"height\":1920,\"caption\":\"Cristina Gestido\"},\"image\":{\"@id\":\"https:\/\/www.cristinagestido.com\/#\/schema\/logo\/image\/\"}}]}<\/script>\n<!-- \/ Yoast SEO plugin. -->","yoast_head_json":{"title":"TRABAJOS | Cristina Gestido","robots":{"index":"index","follow":"follow","max-snippet":"max-snippet:-1","max-image-preview":"max-image-preview:large","max-video-preview":"max-video-preview:-1"},"canonical":"https:\/\/www.cristinagestido.com\/en\/jobs\/","og_locale":"en_US","og_type":"article","og_title":"TRABAJOS | Cristina Gestido","og_description":"Trabajos para Audiovisuales COMPOSICI\u00d3N AUDIOVISUAL Composici\u00f3n de la m\u00fasica del corto \u00abHAIKU\u00bb de Ezequiel Sebasti\u00e1n Composici\u00f3n de la m\u00fasica del corto \u00abLa Distancia\u00bb de Fernando Lorenzana Composici\u00f3n de la m\u00fasica de la obra de teatro \u00abCuarteto\u00bb de Higi\u00e9nico Papel Teatro Composici\u00f3n de la m\u00fasica de la obra de teatro \u00abChamp\u00e1n por las tetas\u00bb de Higi\u00e9nico [&hellip;]","og_url":"https:\/\/www.cristinagestido.com\/en\/jobs\/","og_site_name":"Cristina Gestido","article_modified_time":"2025-09-23T09:55:05+00:00","og_image":[{"width":960,"height":960,"url":"https:\/\/www.cristinagestido.com\/wp-content\/uploads\/2023\/08\/trabajos.jpg","type":"image\/jpeg"}],"twitter_card":"summary_large_image","schema":{"@context":"https:\/\/schema.org","@graph":[{"@type":"WebPage","@id":"https:\/\/www.cristinagestido.com\/trabajos\/","url":"https:\/\/www.cristinagestido.com\/trabajos\/","name":"TRABAJOS | Cristina Gestido","isPartOf":{"@id":"https:\/\/www.cristinagestido.com\/#website"},"datePublished":"2023-08-04T18:07:56+00:00","dateModified":"2025-09-23T09:55:05+00:00","breadcrumb":{"@id":"https:\/\/www.cristinagestido.com\/trabajos\/#breadcrumb"},"inLanguage":"en-US","potentialAction":[{"@type":"ReadAction","target":["https:\/\/www.cristinagestido.com\/trabajos\/"]}]},{"@type":"BreadcrumbList","@id":"https:\/\/www.cristinagestido.com\/trabajos\/#breadcrumb","itemListElement":[{"@type":"ListItem","position":1,"name":"Inicio","item":"https:\/\/www.cristinagestido.com\/"},{"@type":"ListItem","position":2,"name":"TRABAJOS"}]},{"@type":"WebSite","@id":"https:\/\/www.cristinagestido.com\/#website","url":"https:\/\/www.cristinagestido.com\/","name":"Cristina Gestido","description":"Interpretaci\u00f3n y composici\u00f3n","publisher":{"@id":"https:\/\/www.cristinagestido.com\/#organization"},"potentialAction":[{"@type":"SearchAction","target":{"@type":"EntryPoint","urlTemplate":"https:\/\/www.cristinagestido.com\/?s={search_term_string}"},"query-input":{"@type":"PropertyValueSpecification","valueRequired":true,"valueName":"search_term_string"}}],"inLanguage":"en-US"},{"@type":"Organization","@id":"https:\/\/www.cristinagestido.com\/#organization","name":"Cristina Gestido","url":"https:\/\/www.cristinagestido.com\/","logo":{"@type":"ImageObject","inLanguage":"en-US","@id":"https:\/\/www.cristinagestido.com\/#\/schema\/logo\/image\/","url":"https:\/\/www.cristinagestido.com\/wp-content\/uploads\/2023\/08\/ig-1.png","contentUrl":"https:\/\/www.cristinagestido.com\/wp-content\/uploads\/2023\/08\/ig-1.png","width":1920,"height":1920,"caption":"Cristina Gestido"},"image":{"@id":"https:\/\/www.cristinagestido.com\/#\/schema\/logo\/image\/"}}]}},"_links":{"self":[{"href":"https:\/\/www.cristinagestido.com\/en\/wp-json\/wp\/v2\/pages\/1072","targetHints":{"allow":["GET"]}}],"collection":[{"href":"https:\/\/www.cristinagestido.com\/en\/wp-json\/wp\/v2\/pages"}],"about":[{"href":"https:\/\/www.cristinagestido.com\/en\/wp-json\/wp\/v2\/types\/page"}],"author":[{"embeddable":true,"href":"https:\/\/www.cristinagestido.com\/en\/wp-json\/wp\/v2\/users\/5"}],"replies":[{"embeddable":true,"href":"https:\/\/www.cristinagestido.com\/en\/wp-json\/wp\/v2\/comments?post=1072"}],"version-history":[{"count":17,"href":"https:\/\/www.cristinagestido.com\/en\/wp-json\/wp\/v2\/pages\/1072\/revisions"}],"predecessor-version":[{"id":2684,"href":"https:\/\/www.cristinagestido.com\/en\/wp-json\/wp\/v2\/pages\/1072\/revisions\/2684"}],"wp:attachment":[{"href":"https:\/\/www.cristinagestido.com\/en\/wp-json\/wp\/v2\/media?parent=1072"}],"curies":[{"name":"wp","href":"https:\/\/api.w.org\/{rel}","templated":true}]}}