{"id":611,"date":"2023-08-04T10:40:25","date_gmt":"2023-08-04T08:40:25","guid":{"rendered":"https:\/\/www.cristinagestido.com\/?page_id=611"},"modified":"2023-11-13T21:37:24","modified_gmt":"2023-11-13T20:37:24","slug":"direccion-musical-y-artistica","status":"publish","type":"page","link":"https:\/\/www.cristinagestido.com\/en\/musical-and-artistic-direction\/","title":{"rendered":"musical and artistic direction"},"content":{"rendered":"<div data-elementor-type=\"wp-page\" data-elementor-id=\"611\" class=\"elementor elementor-611\" data-elementor-post-type=\"page\">\n\t\t\t\t\t\t<section class=\"elementor-section elementor-top-section elementor-element elementor-element-e08dd23 elementor-section-boxed elementor-section-height-default elementor-section-height-default\" data-id=\"e08dd23\" data-element_type=\"section\">\n\t\t\t\t\t\t<div class=\"elementor-container elementor-column-gap-default\">\n\t\t\t\t\t<div class=\"elementor-column elementor-col-100 elementor-top-column elementor-element elementor-element-8a12a97\" data-id=\"8a12a97\" data-element_type=\"column\">\n\t\t\t<div class=\"elementor-widget-wrap elementor-element-populated\">\n\t\t\t\t\t\t<div class=\"elementor-element elementor-element-3bf816a elementor-invisible elementor-widget elementor-widget-heading\" data-id=\"3bf816a\" data-element_type=\"widget\" data-settings=\"{&quot;_animation&quot;:&quot;fadeInUp&quot;}\" data-widget_type=\"heading.default\">\n\t\t\t\t<div class=\"elementor-widget-container\">\n\t\t\t\t\t<h1 class=\"elementor-heading-title elementor-size-default\"><h1 class=\"elementor-heading-title elementor-size-default elementor-inline-editing pen\" data-elementor-setting-key=\"title\" data-pen-placeholder=\"Teclea aqu\u00ed...\" style=\"letter-spacing: normal\">musical and artistic direction<\/h1><\/h1>\t\t\t\t<\/div>\n\t\t\t\t<\/div>\n\t\t\t\t<div class=\"elementor-element elementor-element-b9a44e1 elementor-widget-divider--view-line elementor-widget elementor-widget-divider\" data-id=\"b9a44e1\" data-element_type=\"widget\" data-widget_type=\"divider.default\">\n\t\t\t\t<div class=\"elementor-widget-container\">\n\t\t\t\t\t\t\t<div class=\"elementor-divider\">\n\t\t\t<span class=\"elementor-divider-separator\">\n\t\t\t\t\t\t<\/span>\n\t\t<\/div>\n\t\t\t\t\t\t<\/div>\n\t\t\t\t<\/div>\n\t\t\t\t\t<\/div>\n\t\t<\/div>\n\t\t\t\t\t<\/div>\n\t\t<\/section>\n\t\t\t\t<section class=\"elementor-section elementor-top-section elementor-element elementor-element-adf4f98 elementor-section-boxed elementor-section-height-default elementor-section-height-default\" data-id=\"adf4f98\" data-element_type=\"section\">\n\t\t\t\t\t\t<div class=\"elementor-container elementor-column-gap-default\">\n\t\t\t\t\t<div class=\"elementor-column elementor-col-50 elementor-top-column elementor-element elementor-element-d20253a\" data-id=\"d20253a\" data-element_type=\"column\">\n\t\t\t<div class=\"elementor-widget-wrap elementor-element-populated\">\n\t\t\t\t\t\t<div class=\"elementor-element elementor-element-c3afac1 uael-video-gallery__column-2 uael-video-gallery-tablet__column-2 uael-video-gallery-mobile__column-1 elementor-widget elementor-widget-uael-video-gallery\" data-id=\"c3afac1\" data-element_type=\"widget\" data-settings=\"{&quot;column_gap&quot;:{&quot;unit&quot;:&quot;px&quot;,&quot;size&quot;:1,&quot;sizes&quot;:[]},&quot;row_gap&quot;:{&quot;unit&quot;:&quot;px&quot;,&quot;size&quot;:1,&quot;sizes&quot;:[]},&quot;play_icon_size&quot;:{&quot;unit&quot;:&quot;px&quot;,&quot;size&quot;:43,&quot;sizes&quot;:[]},&quot;gallery_columns&quot;:&quot;2&quot;,&quot;gallery_columns_tablet&quot;:&quot;2&quot;,&quot;gallery_columns_mobile&quot;:&quot;1&quot;,&quot;column_gap_tablet&quot;:{&quot;unit&quot;:&quot;px&quot;,&quot;size&quot;:&quot;&quot;,&quot;sizes&quot;:[]},&quot;column_gap_mobile&quot;:{&quot;unit&quot;:&quot;px&quot;,&quot;size&quot;:&quot;&quot;,&quot;sizes&quot;:[]},&quot;row_gap_tablet&quot;:{&quot;unit&quot;:&quot;px&quot;,&quot;size&quot;:&quot;&quot;,&quot;sizes&quot;:[]},&quot;row_gap_mobile&quot;:{&quot;unit&quot;:&quot;px&quot;,&quot;size&quot;:&quot;&quot;,&quot;sizes&quot;:[]},&quot;play_icon_size_tablet&quot;:{&quot;unit&quot;:&quot;px&quot;,&quot;size&quot;:45,&quot;sizes&quot;:[]},&quot;play_icon_size_mobile&quot;:{&quot;unit&quot;:&quot;px&quot;,&quot;size&quot;:35,&quot;sizes&quot;:[]}}\" data-widget_type=\"uael-video-gallery.default\">\n\t\t\t\t<div class=\"elementor-widget-container\">\n\t\t\t\t\t<div class=\"uael-video-gallery-wrap uael-vg__layout-grid uael-vg__action-lightbox uael-aspect-ratio-16_9\" data-action=\"lightbox\" data-layout=\"grid\" data-all-filters=\"filter-youtube\" >\t\t\t\t<div class=\"uael-video__gallery-item\" id=\"uael-video__gallery-item1\">\n\n\t\t\t\t\t\t\t\t\t\t<div class=\"uael-video__gallery-iframe\" style=\"background-image:url('https:\/\/www.cristinagestido.com\/wp-content\/uploads\/2023\/08\/recurso-632a.png');\">\n\t\t\t\t\t\t<a class=\"elementor-clickable uael-vg__play_full\" href=\"https:\/\/youtu.be\/PKQ0Fi-7Mfc\" data-fancybox=\"uael-video-gallery-c3afac1\">\n\t\t\t\t\t\t\t<div class=\"uael-video__content-wrap\">\n\t\t\t\t\t\t\t\t<div class=\"uael-video__content\">\n\t\t\t\t\t\t\t\t\t\t\t\t\t\t\t\t\t\t<div class=\"uael-vg__play\">\n\t\t\t\t\t\t\t\t\t\t\t\t\t\t\t\t\t\t<span class=\"elementor-animation- uael-vg__play-icon\">\n\t\t\t\t\t\t<i aria-hidden=\"true\" class=\"fa fa-play\"><\/i>\t\t\t\t\t<\/span>\n\t\t\t\t\t\t\t\t\t\t\t\t\t\t\t\t\t\t<\/div>\n\n\t\t\t\t\t\t\t\t\t\n\t\t\t\t\t\t\t\t<\/div>\n\t\t\t\t\t\t\t<\/div>\n\t\t\t\t\t\t<\/a>\n\t\t\t\t\t<\/div>\n\t\t\t\t\t\t\t\t\t\t<div class=\"uael-vg__overlay\"><\/div>\n\t\t\t\t\t\t\t\t\t<\/div>\n\t\t\t\t\t\t\t\t<div class=\"uael-video__gallery-item\" id=\"uael-video__gallery-item2\">\n\n\t\t\t\t\t\t\t\t\t\t<div class=\"uael-video__gallery-iframe\" style=\"background-image:url('https:\/\/www.cristinagestido.com\/wp-content\/uploads\/2023\/08\/recurso-642a.png');\">\n\t\t\t\t\t\t<a class=\"elementor-clickable uael-vg__play_full\" href=\"https:\/\/youtu.be\/EulUPwE9IFA\" data-fancybox=\"uael-video-gallery-c3afac1\">\n\t\t\t\t\t\t\t<div class=\"uael-video__content-wrap\">\n\t\t\t\t\t\t\t\t<div class=\"uael-video__content\">\n\t\t\t\t\t\t\t\t\t\t\t\t\t\t\t\t\t\t<div class=\"uael-vg__play\">\n\t\t\t\t\t\t\t\t\t\t\t\t\t\t\t\t\t\t<span class=\"elementor-animation- uael-vg__play-icon\">\n\t\t\t\t\t\t<i aria-hidden=\"true\" class=\"fa fa-play\"><\/i>\t\t\t\t\t<\/span>\n\t\t\t\t\t\t\t\t\t\t\t\t\t\t\t\t\t\t<\/div>\n\n\t\t\t\t\t\t\t\t\t\n\t\t\t\t\t\t\t\t<\/div>\n\t\t\t\t\t\t\t<\/div>\n\t\t\t\t\t\t<\/a>\n\t\t\t\t\t<\/div>\n\t\t\t\t\t\t\t\t\t\t<div class=\"uael-vg__overlay\"><\/div>\n\t\t\t\t\t\t\t\t\t<\/div>\n\t\t\t\t\t\t\t\t<div class=\"uael-video__gallery-item\" id=\"uael-video__gallery-item3\">\n\n\t\t\t\t\t\t\t\t\t\t<div class=\"uael-video__gallery-iframe\" style=\"background-image:url('https:\/\/www.cristinagestido.com\/wp-content\/uploads\/2023\/08\/recurso-652a.png');\">\n\t\t\t\t\t\t<a class=\"elementor-clickable uael-vg__play_full\" href=\"https:\/\/youtu.be\/A210pGvCqHM\" data-fancybox=\"uael-video-gallery-c3afac1\">\n\t\t\t\t\t\t\t<div class=\"uael-video__content-wrap\">\n\t\t\t\t\t\t\t\t<div class=\"uael-video__content\">\n\t\t\t\t\t\t\t\t\t\t\t\t\t\t\t\t\t\t<div class=\"uael-vg__play\">\n\t\t\t\t\t\t\t\t\t\t\t\t\t\t\t\t\t\t<span class=\"elementor-animation- uael-vg__play-icon\">\n\t\t\t\t\t\t<i aria-hidden=\"true\" class=\"fa fa-play\"><\/i>\t\t\t\t\t<\/span>\n\t\t\t\t\t\t\t\t\t\t\t\t\t\t\t\t\t\t<\/div>\n\n\t\t\t\t\t\t\t\t\t\n\t\t\t\t\t\t\t\t<\/div>\n\t\t\t\t\t\t\t<\/div>\n\t\t\t\t\t\t<\/a>\n\t\t\t\t\t<\/div>\n\t\t\t\t\t\t\t\t\t\t<div class=\"uael-vg__overlay\"><\/div>\n\t\t\t\t\t\t\t\t\t<\/div>\n\t\t\t\t\t\t\t\t<div class=\"uael-video__gallery-item\" id=\"uael-video__gallery-item4\">\n\n\t\t\t\t\t\t\t\t\t\t<div class=\"uael-video__gallery-iframe\" style=\"background-image:url('https:\/\/www.cristinagestido.com\/wp-content\/uploads\/2023\/08\/recurso-652a.png');\">\n\t\t\t\t\t\t<a class=\"elementor-clickable uael-vg__play_full\" href=\"https:\/\/youtu.be\/u4-IcgDUpAs\" data-fancybox=\"uael-video-gallery-c3afac1\">\n\t\t\t\t\t\t\t<div class=\"uael-video__content-wrap\">\n\t\t\t\t\t\t\t\t<div class=\"uael-video__content\">\n\t\t\t\t\t\t\t\t\t\t\t\t\t\t\t\t\t\t<div class=\"uael-vg__play\">\n\t\t\t\t\t\t\t\t\t\t\t\t\t\t\t\t\t\t<span class=\"elementor-animation- uael-vg__play-icon\">\n\t\t\t\t\t\t<i aria-hidden=\"true\" class=\"fa fa-play\"><\/i>\t\t\t\t\t<\/span>\n\t\t\t\t\t\t\t\t\t\t\t\t\t\t\t\t\t\t<\/div>\n\n\t\t\t\t\t\t\t\t\t\n\t\t\t\t\t\t\t\t<\/div>\n\t\t\t\t\t\t\t<\/div>\n\t\t\t\t\t\t<\/a>\n\t\t\t\t\t<\/div>\n\t\t\t\t\t\t\t\t\t\t<div class=\"uael-vg__overlay\"><\/div>\n\t\t\t\t\t\t\t\t\t<\/div>\n\t\t\t\t\t\t\t\t<div class=\"uael-video__gallery-item\" id=\"uael-video__gallery-item5\">\n\n\t\t\t\t\t\t\t\t\t\t<div class=\"uael-video__gallery-iframe\" style=\"background-image:url('https:\/\/www.cristinagestido.com\/wp-content\/uploads\/2023\/08\/recurso-662a.png');\">\n\t\t\t\t\t\t<a class=\"elementor-clickable uael-vg__play_full\" href=\"https:\/\/youtu.be\/o8ybQmJngYc\" data-fancybox=\"uael-video-gallery-c3afac1\">\n\t\t\t\t\t\t\t<div class=\"uael-video__content-wrap\">\n\t\t\t\t\t\t\t\t<div class=\"uael-video__content\">\n\t\t\t\t\t\t\t\t\t\t\t\t\t\t\t\t\t\t<div class=\"uael-vg__play\">\n\t\t\t\t\t\t\t\t\t\t\t\t\t\t\t\t\t\t<span class=\"elementor-animation- uael-vg__play-icon\">\n\t\t\t\t\t\t<i aria-hidden=\"true\" class=\"fa fa-play\"><\/i>\t\t\t\t\t<\/span>\n\t\t\t\t\t\t\t\t\t\t\t\t\t\t\t\t\t\t<\/div>\n\n\t\t\t\t\t\t\t\t\t\n\t\t\t\t\t\t\t\t<\/div>\n\t\t\t\t\t\t\t<\/div>\n\t\t\t\t\t\t<\/a>\n\t\t\t\t\t<\/div>\n\t\t\t\t\t\t\t\t\t\t<div class=\"uael-vg__overlay\"><\/div>\n\t\t\t\t\t\t\t\t\t<\/div>\n\t\t\t\t<\/div>\t\t<script type=\"text\/javascript\">\n\t\t\tjQuery( document ).ready( function( $ ) {\n\n\t\t\t\t$( '.uael-video-gallery-wrap' ).each( function() {\n\n\t\t\t\t\tvar $node_id \t= 'c3afac1';\n\t\t\t\t\tvar\tscope \t\t= $( '[data-id=\"' + $node_id + '\"]' );\n\t\t\t\t\tvar selector \t= $(this);\n\n\t\t\t\t\tif ( selector.closest( scope ).length < 1 ) {\n\t\t\t\t\t\treturn;\n\t\t\t\t\t}\n\n\t\t\t\t\tif ( ! selector.hasClass( 'uael-video-gallery-filter' ) ) {\n\t\t\t\t\t\treturn;\n\t\t\t\t\t}\n\n\t\t\t\t\tvar filters = scope.find( '.uael-video__gallery-filters' );\n\t\t\t\t\tvar def_cat = '*';\n\n\t\t\t\t\tif ( filters.length > 0 ) {\n\n\t\t\t\t\t\tvar def_filter = filters.data( 'default' );\n\n\t\t\t\t\t\tif ( '' !== def_filter ) {\n\n\t\t\t\t\t\t\tdef_cat \t= def_filter;\n\t\t\t\t\t\t\tdef_cat_sel = filters.find( '[data-filter=\"' + def_filter + '\"]' );\n\n\t\t\t\t\t\t\tif ( def_cat_sel.length > 0 ) {\n\t\t\t\t\t\t\t\tdef_cat_sel.siblings().removeClass( 'uael-filter__current' );\n\t\t\t\t\t\t\t\tdef_cat_sel.addClass( 'uael-filter__current' );\n\t\t\t\t\t\t\t}\n\t\t\t\t\t\t}\n\t\t\t\t\t}\n\n\t\t\t\t\tvar $obj = {};\n\n\t\t\t\t\tselector.imagesLoaded( function( e ) {\n\n\t\t\t\t\t\t$obj = selector.isotope({\n\t\t\t\t\t\t\tfilter: def_cat,\n\t\t\t\t\t\t\tlayoutMode: 'masonry',\n\t\t\t\t\t\t\titemSelector: '.uael-video__gallery-item',\n\t\t\t\t\t\t});\n\n\t\t\t\t\t\tselector.find( '.uael-video__gallery-item' ).resize( function() {\n\t\t\t\t\t\t\t$obj.isotope( 'layout' );\n\t\t\t\t\t\t});\n\t\t\t\t\t});\n\n\t\t\t\t});\n\t\t\t});\n\t\t<\/script>\n\t\t\t\t\t\t<\/div>\n\t\t\t\t<\/div>\n\t\t\t\t\t<\/div>\n\t\t<\/div>\n\t\t\t\t<div class=\"elementor-column elementor-col-50 elementor-top-column elementor-element elementor-element-279a7a1\" data-id=\"279a7a1\" data-element_type=\"column\">\n\t\t\t<div class=\"elementor-widget-wrap elementor-element-populated\">\n\t\t\t\t\t\t<div class=\"elementor-element elementor-element-35a1577 elementor-widget elementor-widget-text-editor\" data-id=\"35a1577\" data-element_type=\"widget\" data-widget_type=\"text-editor.default\">\n\t\t\t\t<div class=\"elementor-widget-container\">\n\t\t\t\t\t\t\t\t\t<p><span style=\"color: var( --e-global-color-text ); font-family: var( --e-global-typography-text-font-family ), Sans-serif; font-size: var( --e-global-typography-text-font-size ); font-weight: var( --e-global-typography-text-font-weight );\">\u2022&nbsp;<\/span><span style=\"color: var( --e-global-color-text ); font-family: var( --e-global-typography-text-font-family ), Sans-serif; font-size: var( --e-global-typography-text-font-size ); font-weight: var( --e-global-typography-text-font-weight );\">Artistic direction and production at CIMCO &quot;Interdisciplinary Cycle of Chamber Music of Oviedo&quot; (Municipal Foundation of Culture of Oviedo).<\/span><span style=\"color: var( --e-global-color-text ); font-family: var( --e-global-typography-text-font-family ), Sans-serif; font-size: var( --e-global-typography-text-font-size ); font-weight: var( --e-global-typography-text-font-weight );\">&nbsp;<\/span><a href=\"http:\/\/www.cimcoviedo.es\/\" style=\"font-family: var( --e-global-typography-text-font-family ), Sans-serif; font-size: var( --e-global-typography-text-font-size ); font-weight: var( --e-global-typography-text-font-weight ); background-color: rgb(255, 255, 255);\">www.cimcoviedo.es<\/a><br><\/p>\n<div><span>\u2022&nbsp;<\/span>Musical and artistic direction in &quot;Orbital Intersection&quot;:<\/div>\n<div>&#8211;<i>&nbsp;<\/i><i>National Auditorium of Spain, Madrid<\/i><\/div>\n<div><span>&#8211;&nbsp;<\/span><i>Oviedo Philharmonic Theater<\/i><\/div>\n<div><i><span>&#8211;&nbsp;<\/span>BilboRock, Bilbao<\/i><\/div>\n<div><i><span>&#8211;&nbsp;<\/span>Evaristo Valle Museum, Gij\u00f3n<\/i><\/div>\n<div><i><span>&#8211;&nbsp;<\/span>Corsair Theatre, Valladolid<\/i><\/div>\n<p><\/p>\n<div><span>\u2022&nbsp;<\/span>Musical direction in \u201cWilliams &amp; Morricone\u201d: Princess of Asturias Foundation<\/div>\n<div><span>\u2022&nbsp;<\/span>Musical direction in &quot;Feminist Enclave&quot;: Princess of Asturias Foundation<\/div>\n<div><span>\u2022&nbsp;<\/span>Musical direction in \u201cLa carreta fantasma\u201d: SACO, Oviedo Contemporary Audiovisual Week<\/div>\n<div><span>\u2022&nbsp;<\/span>Musical and artistic direction in \u201cRomeo y Julieta de C\u00e1mara\u201d: International Music Festival of Toro \u201cJes\u00fas L\u00f3pez Cobos<\/div>\n<p><\/p>\t\t\t\t\t\t\t\t<\/div>\n\t\t\t\t<\/div>\n\t\t\t\t<div class=\"elementor-element elementor-element-5a2c767 elementor-align-right elementor-mobile-align-center elementor-tablet-align-center elementor-widget elementor-widget-button\" data-id=\"5a2c767\" data-element_type=\"widget\" data-widget_type=\"button.default\">\n\t\t\t\t<div class=\"elementor-widget-container\">\n\t\t\t\t\t\t\t\t\t<div class=\"elementor-button-wrapper\">\n\t\t\t\t\t<a class=\"elementor-button elementor-button-link elementor-size-sm\" href=\"https:\/\/www.cristinagestido.com\/en\/contact\/\">\n\t\t\t\t\t\t<span class=\"elementor-button-content-wrapper\">\n\t\t\t\t\t\t\t\t\t<span class=\"elementor-button-text\">Contact<\/span>\n\t\t\t\t\t<\/span>\n\t\t\t\t\t<\/a>\n\t\t\t\t<\/div>\n\t\t\t\t\t\t\t\t<\/div>\n\t\t\t\t<\/div>\n\t\t\t\t\t<\/div>\n\t\t<\/div>\n\t\t\t\t\t<\/div>\n\t\t<\/section>\n\t\t\t\t<\/div>","protected":false},"excerpt":{"rendered":"<p>Musical and artistic direction \u2022 Artistic direction and production at CIMCO \u201cInterdisciplinary Series of Chamber Music of Oviedo\u201d (Oviedo Municipal Culture Foundation). www.cimcoviedo.es \u2022 Musical and artistic direction at \u201cIntersecci\u00f3n Orbital\u201d: \u2013 National Auditorium of Spain, Madrid \u2013 Teatro Filarm\u00f3nica de Oviedo \u2013 BilboRock, Bilbao \u2013 Museo Evaristo Valle, Gij\u00f3n \u2013 Teatro Corsario, Valladolid \u2022 Musical direction at \u201cWilliams &amp; Morricone\u201d: [\u2026]<\/p>","protected":false},"author":5,"featured_media":0,"parent":0,"menu_order":10,"comment_status":"closed","ping_status":"closed","template":"","meta":{"_joinchat":[],"footnotes":""},"class_list":["post-611","page","type-page","status-publish","hentry"],"yoast_head":"<!-- This site is optimized with the Yoast SEO plugin v24.4 - https:\/\/yoast.com\/wordpress\/plugins\/seo\/ -->\n<title>Direcci\u00f3n musical y art\u00edstica | Cristina Gestido<\/title>\n<meta name=\"robots\" content=\"index, follow, max-snippet:-1, max-image-preview:large, max-video-preview:-1\" \/>\n<link rel=\"canonical\" href=\"https:\/\/www.cristinagestido.com\/en\/musical-and-artistic-direction\/\" \/>\n<meta property=\"og:locale\" content=\"en_US\" \/>\n<meta property=\"og:type\" content=\"article\" \/>\n<meta property=\"og:title\" content=\"Direcci\u00f3n musical y art\u00edstica | Cristina Gestido\" \/>\n<meta property=\"og:description\" content=\"Direcci\u00f3n musical y art\u00edstica \u2022&nbsp;Direcci\u00f3n art\u00edstica y producci\u00f3n en CIMCO \u201cCiclo Interdisciplinar de m\u00fasica de c\u00e1mara de Oviedo\u201d (Fundaci\u00f3n Municipal de Cultura de Oviedo).&nbsp;www.cimcoviedo.es \u2022&nbsp;Direcci\u00f3n musical y art\u00edstica en \u201cIntersecci\u00f3n Orbital\u201d: &#8211;&nbsp;Auditorio Nacional de Espa\u00f1a, Madrid &#8211;&nbsp;Teatro Filarm\u00f3nica de Oviedo &#8211;&nbsp;BilboRock, Bilbao &#8211;&nbsp;Museo Evaristo Valle, Gij\u00f3n &#8211;&nbsp;Teatro Corsario, Valladolid \u2022&nbsp;Direcci\u00f3n musical en \u201cWilliams &amp; Morricone\u201d: [&hellip;]\" \/>\n<meta property=\"og:url\" content=\"https:\/\/www.cristinagestido.com\/en\/musical-and-artistic-direction\/\" \/>\n<meta property=\"og:site_name\" content=\"Cristina Gestido\" \/>\n<meta property=\"article:modified_time\" content=\"2023-11-13T20:37:24+00:00\" \/>\n<meta property=\"og:image\" content=\"https:\/\/www.cristinagestido.com\/wp-content\/uploads\/2023\/08\/trabajos.jpg\" \/>\n\t<meta property=\"og:image:width\" content=\"960\" \/>\n\t<meta property=\"og:image:height\" content=\"960\" \/>\n\t<meta property=\"og:image:type\" content=\"image\/jpeg\" \/>\n<meta name=\"twitter:card\" content=\"summary_large_image\" \/>\n<script type=\"application\/ld+json\" class=\"yoast-schema-graph\">{\"@context\":\"https:\/\/schema.org\",\"@graph\":[{\"@type\":\"WebPage\",\"@id\":\"https:\/\/www.cristinagestido.com\/direccion-musical-y-artistica\/\",\"url\":\"https:\/\/www.cristinagestido.com\/direccion-musical-y-artistica\/\",\"name\":\"Direcci\u00f3n musical y art\u00edstica | Cristina Gestido\",\"isPartOf\":{\"@id\":\"https:\/\/www.cristinagestido.com\/#website\"},\"datePublished\":\"2023-08-04T08:40:25+00:00\",\"dateModified\":\"2023-11-13T20:37:24+00:00\",\"breadcrumb\":{\"@id\":\"https:\/\/www.cristinagestido.com\/direccion-musical-y-artistica\/#breadcrumb\"},\"inLanguage\":\"en-US\",\"potentialAction\":[{\"@type\":\"ReadAction\",\"target\":[\"https:\/\/www.cristinagestido.com\/direccion-musical-y-artistica\/\"]}]},{\"@type\":\"BreadcrumbList\",\"@id\":\"https:\/\/www.cristinagestido.com\/direccion-musical-y-artistica\/#breadcrumb\",\"itemListElement\":[{\"@type\":\"ListItem\",\"position\":1,\"name\":\"Inicio\",\"item\":\"https:\/\/www.cristinagestido.com\/\"},{\"@type\":\"ListItem\",\"position\":2,\"name\":\"Direcci\u00f3n musical y art\u00edstica\"}]},{\"@type\":\"WebSite\",\"@id\":\"https:\/\/www.cristinagestido.com\/#website\",\"url\":\"https:\/\/www.cristinagestido.com\/\",\"name\":\"Cristina Gestido\",\"description\":\"Interpretaci\u00f3n y composici\u00f3n\",\"publisher\":{\"@id\":\"https:\/\/www.cristinagestido.com\/#organization\"},\"potentialAction\":[{\"@type\":\"SearchAction\",\"target\":{\"@type\":\"EntryPoint\",\"urlTemplate\":\"https:\/\/www.cristinagestido.com\/?s={search_term_string}\"},\"query-input\":{\"@type\":\"PropertyValueSpecification\",\"valueRequired\":true,\"valueName\":\"search_term_string\"}}],\"inLanguage\":\"en-US\"},{\"@type\":\"Organization\",\"@id\":\"https:\/\/www.cristinagestido.com\/#organization\",\"name\":\"Cristina Gestido\",\"url\":\"https:\/\/www.cristinagestido.com\/\",\"logo\":{\"@type\":\"ImageObject\",\"inLanguage\":\"en-US\",\"@id\":\"https:\/\/www.cristinagestido.com\/#\/schema\/logo\/image\/\",\"url\":\"https:\/\/www.cristinagestido.com\/wp-content\/uploads\/2023\/08\/ig-1.png\",\"contentUrl\":\"https:\/\/www.cristinagestido.com\/wp-content\/uploads\/2023\/08\/ig-1.png\",\"width\":1920,\"height\":1920,\"caption\":\"Cristina Gestido\"},\"image\":{\"@id\":\"https:\/\/www.cristinagestido.com\/#\/schema\/logo\/image\/\"}}]}<\/script>\n<!-- \/ Yoast SEO plugin. -->","yoast_head_json":{"title":"Direcci\u00f3n musical y art\u00edstica | Cristina Gestido","robots":{"index":"index","follow":"follow","max-snippet":"max-snippet:-1","max-image-preview":"max-image-preview:large","max-video-preview":"max-video-preview:-1"},"canonical":"https:\/\/www.cristinagestido.com\/en\/musical-and-artistic-direction\/","og_locale":"en_US","og_type":"article","og_title":"Direcci\u00f3n musical y art\u00edstica | Cristina Gestido","og_description":"Direcci\u00f3n musical y art\u00edstica \u2022&nbsp;Direcci\u00f3n art\u00edstica y producci\u00f3n en CIMCO \u201cCiclo Interdisciplinar de m\u00fasica de c\u00e1mara de Oviedo\u201d (Fundaci\u00f3n Municipal de Cultura de Oviedo).&nbsp;www.cimcoviedo.es \u2022&nbsp;Direcci\u00f3n musical y art\u00edstica en \u201cIntersecci\u00f3n Orbital\u201d: &#8211;&nbsp;Auditorio Nacional de Espa\u00f1a, Madrid &#8211;&nbsp;Teatro Filarm\u00f3nica de Oviedo &#8211;&nbsp;BilboRock, Bilbao &#8211;&nbsp;Museo Evaristo Valle, Gij\u00f3n &#8211;&nbsp;Teatro Corsario, Valladolid \u2022&nbsp;Direcci\u00f3n musical en \u201cWilliams &amp; Morricone\u201d: [&hellip;]","og_url":"https:\/\/www.cristinagestido.com\/en\/musical-and-artistic-direction\/","og_site_name":"Cristina Gestido","article_modified_time":"2023-11-13T20:37:24+00:00","og_image":[{"width":960,"height":960,"url":"https:\/\/www.cristinagestido.com\/wp-content\/uploads\/2023\/08\/trabajos.jpg","type":"image\/jpeg"}],"twitter_card":"summary_large_image","schema":{"@context":"https:\/\/schema.org","@graph":[{"@type":"WebPage","@id":"https:\/\/www.cristinagestido.com\/direccion-musical-y-artistica\/","url":"https:\/\/www.cristinagestido.com\/direccion-musical-y-artistica\/","name":"Direcci\u00f3n musical y art\u00edstica | Cristina Gestido","isPartOf":{"@id":"https:\/\/www.cristinagestido.com\/#website"},"datePublished":"2023-08-04T08:40:25+00:00","dateModified":"2023-11-13T20:37:24+00:00","breadcrumb":{"@id":"https:\/\/www.cristinagestido.com\/direccion-musical-y-artistica\/#breadcrumb"},"inLanguage":"en-US","potentialAction":[{"@type":"ReadAction","target":["https:\/\/www.cristinagestido.com\/direccion-musical-y-artistica\/"]}]},{"@type":"BreadcrumbList","@id":"https:\/\/www.cristinagestido.com\/direccion-musical-y-artistica\/#breadcrumb","itemListElement":[{"@type":"ListItem","position":1,"name":"Inicio","item":"https:\/\/www.cristinagestido.com\/"},{"@type":"ListItem","position":2,"name":"Direcci\u00f3n musical y art\u00edstica"}]},{"@type":"WebSite","@id":"https:\/\/www.cristinagestido.com\/#website","url":"https:\/\/www.cristinagestido.com\/","name":"Cristina Gestido","description":"Interpretaci\u00f3n y composici\u00f3n","publisher":{"@id":"https:\/\/www.cristinagestido.com\/#organization"},"potentialAction":[{"@type":"SearchAction","target":{"@type":"EntryPoint","urlTemplate":"https:\/\/www.cristinagestido.com\/?s={search_term_string}"},"query-input":{"@type":"PropertyValueSpecification","valueRequired":true,"valueName":"search_term_string"}}],"inLanguage":"en-US"},{"@type":"Organization","@id":"https:\/\/www.cristinagestido.com\/#organization","name":"Cristina Gestido","url":"https:\/\/www.cristinagestido.com\/","logo":{"@type":"ImageObject","inLanguage":"en-US","@id":"https:\/\/www.cristinagestido.com\/#\/schema\/logo\/image\/","url":"https:\/\/www.cristinagestido.com\/wp-content\/uploads\/2023\/08\/ig-1.png","contentUrl":"https:\/\/www.cristinagestido.com\/wp-content\/uploads\/2023\/08\/ig-1.png","width":1920,"height":1920,"caption":"Cristina Gestido"},"image":{"@id":"https:\/\/www.cristinagestido.com\/#\/schema\/logo\/image\/"}}]}},"_links":{"self":[{"href":"https:\/\/www.cristinagestido.com\/en\/wp-json\/wp\/v2\/pages\/611","targetHints":{"allow":["GET"]}}],"collection":[{"href":"https:\/\/www.cristinagestido.com\/en\/wp-json\/wp\/v2\/pages"}],"about":[{"href":"https:\/\/www.cristinagestido.com\/en\/wp-json\/wp\/v2\/types\/page"}],"author":[{"embeddable":true,"href":"https:\/\/www.cristinagestido.com\/en\/wp-json\/wp\/v2\/users\/5"}],"replies":[{"embeddable":true,"href":"https:\/\/www.cristinagestido.com\/en\/wp-json\/wp\/v2\/comments?post=611"}],"version-history":[{"count":5,"href":"https:\/\/www.cristinagestido.com\/en\/wp-json\/wp\/v2\/pages\/611\/revisions"}],"predecessor-version":[{"id":1440,"href":"https:\/\/www.cristinagestido.com\/en\/wp-json\/wp\/v2\/pages\/611\/revisions\/1440"}],"wp:attachment":[{"href":"https:\/\/www.cristinagestido.com\/en\/wp-json\/wp\/v2\/media?parent=611"}],"curies":[{"name":"wp","href":"https:\/\/api.w.org\/{rel}","templated":true}]}}