{"id":922,"date":"2023-08-04T19:04:32","date_gmt":"2023-08-04T17:04:32","guid":{"rendered":"https:\/\/www.cristinagestido.com\/?page_id=922"},"modified":"2024-01-12T20:47:01","modified_gmt":"2024-01-12T19:47:01","slug":"enol","status":"publish","type":"page","link":"https:\/\/www.cristinagestido.com\/en\/enol\/","title":{"rendered":"enol"},"content":{"rendered":"<div data-elementor-type=\"wp-page\" data-elementor-id=\"922\" class=\"elementor elementor-922\" data-elementor-post-type=\"page\">\n\t\t\t\t\t\t<section class=\"elementor-section elementor-top-section elementor-element elementor-element-7f86c8d elementor-section-boxed elementor-section-height-default elementor-section-height-default\" data-id=\"7f86c8d\" data-element_type=\"section\">\n\t\t\t\t\t\t<div class=\"elementor-container elementor-column-gap-default\">\n\t\t\t\t\t<div class=\"elementor-column elementor-col-100 elementor-top-column elementor-element elementor-element-6ac54a6\" data-id=\"6ac54a6\" data-element_type=\"column\">\n\t\t\t<div class=\"elementor-widget-wrap elementor-element-populated\">\n\t\t\t\t\t\t<div class=\"elementor-element elementor-element-74bcec6 elementor-invisible elementor-widget elementor-widget-heading\" data-id=\"74bcec6\" data-element_type=\"widget\" data-settings=\"{&quot;_animation&quot;:&quot;fadeInUp&quot;}\" data-widget_type=\"heading.default\">\n\t\t\t\t<div class=\"elementor-widget-container\">\n\t\t\t\t\t<h1 class=\"elementor-heading-title elementor-size-default\">Enol Ensemble<\/h1>\t\t\t\t<\/div>\n\t\t\t\t<\/div>\n\t\t\t\t<div class=\"elementor-element elementor-element-7a3e045 elementor-widget-divider--view-line elementor-widget elementor-widget-divider\" data-id=\"7a3e045\" data-element_type=\"widget\" data-widget_type=\"divider.default\">\n\t\t\t\t<div class=\"elementor-widget-container\">\n\t\t\t\t\t\t\t<div class=\"elementor-divider\">\n\t\t\t<span class=\"elementor-divider-separator\">\n\t\t\t\t\t\t<\/span>\n\t\t<\/div>\n\t\t\t\t\t\t<\/div>\n\t\t\t\t<\/div>\n\t\t\t\t\t<\/div>\n\t\t<\/div>\n\t\t\t\t\t<\/div>\n\t\t<\/section>\n\t\t\t\t<section class=\"elementor-section elementor-top-section elementor-element elementor-element-6dec3c9 elementor-section-boxed elementor-section-height-default elementor-section-height-default\" data-id=\"6dec3c9\" data-element_type=\"section\">\n\t\t\t\t\t\t<div class=\"elementor-container elementor-column-gap-default\">\n\t\t\t\t\t<div class=\"elementor-column elementor-col-50 elementor-top-column elementor-element elementor-element-5070872\" data-id=\"5070872\" data-element_type=\"column\">\n\t\t\t<div class=\"elementor-widget-wrap elementor-element-populated\">\n\t\t\t\t\t\t<div class=\"elementor-element elementor-element-260b0c1 elementor-widget elementor-widget-text-editor\" data-id=\"260b0c1\" data-element_type=\"widget\" data-widget_type=\"text-editor.default\">\n\t\t\t\t<div class=\"elementor-widget-container\">\n\t\t\t\t\t\t\t\t\t<p><span style=\"color: var( --e-global-color-text ); font-family: var( --e-global-typography-text-font-family ), Sans-serif; font-size: var( --e-global-typography-text-font-size ); font-weight: var( --e-global-typography-text-font-weight );\">The ENOL ENSEMBLE is made up of musicians whose interest is to investigate chamber music, exploring various formations, styles and periods with the intention of reaching the public with a wide repertoire that is not always easy to listen to in concert halls. With the piano quartet as the central axis of the ensemble, the Enol Ensemble has appeared in formats from duo to sextet, always depending on the requirements of the repertoire or the place where they perform.<\/span><br><\/p>\n<p>The project was presented at the end of 2017 at the &quot;Evaristo Valle&quot; Museum in Gij\u00f3n. In February 2018, the Enol Ensemble made its debut at the Oviedo Philharmonic Society with the <em>piano quartets <\/em>by Brahms and Schumann, obtaining great public and critical success. In May of that same year they performed a concert in the Temple of Debod in Madrid with the <em>Goldberg Variations <\/em>by Bach in version for string trio, before an audience of almost a thousand people. This program was also represented in Gij\u00f3n, Sintra (Portugal) and at the Niemeyer Center in Avil\u00e9s. They closed their first season at the Fundaci\u00f3n Vital de Vitoria. In their second season they have performed at the Oviedo Summer Festival, the Le\u00f3n Spanish Music Festival, the Jovellanos Theater (Gij\u00f3n Philharmonic Society), the Monforte de Lemos Philharmonic Society and the Oviedo Philharmonic Theater. In 2020 they offered three concerts within the cultural program of the Princess of Asturias Awards, which later led them to perform exclusively for the Spanish Royal Family, as well as paying tribute to Ennio Morricone within the 2020 Awards Ceremony. The peak moment within that season was the live musicalization of the film &quot;La Carreta Fantasma&quot; (Victor Sj\u00f6str\u00f6m, 1921) within the SACO film festival, which was praised by the public and critics. Last year they made a singular bet at CIMCO, Oviedo Interdisciplinary Chamber Music Cycle with a \u201cSchubertiada\u201d, where they invited the public to Schubert&#039;s own house, with a characterized actor.<\/p>\n<p><em>\u201cThe resource catalog deployed was a hat off. And so did the respectable, with a prolonged ovation that earned a tip\u201d (LN Spain, 30-X-2019)<\/em><\/p>\n<p><\/p>\t\t\t\t\t\t\t\t<\/div>\n\t\t\t\t<\/div>\n\t\t\t\t<div class=\"elementor-element elementor-element-e7e25bf elementor-align-left elementor-mobile-align-center elementor-tablet-align-center elementor-widget elementor-widget-button\" data-id=\"e7e25bf\" data-element_type=\"widget\" data-widget_type=\"button.default\">\n\t\t\t\t<div class=\"elementor-widget-container\">\n\t\t\t\t\t\t\t\t\t<div class=\"elementor-button-wrapper\">\n\t\t\t\t\t<a class=\"elementor-button elementor-button-link elementor-size-sm\" href=\"mailto:enolensemble@gmail.com\">\n\t\t\t\t\t\t<span class=\"elementor-button-content-wrapper\">\n\t\t\t\t\t\t\t\t\t<span class=\"elementor-button-text\">Contact us<\/span>\n\t\t\t\t\t<\/span>\n\t\t\t\t\t<\/a>\n\t\t\t\t<\/div>\n\t\t\t\t\t\t\t\t<\/div>\n\t\t\t\t<\/div>\n\t\t\t\t\t<\/div>\n\t\t<\/div>\n\t\t\t\t<div class=\"elementor-column elementor-col-50 elementor-top-column elementor-element elementor-element-177ed48\" data-id=\"177ed48\" data-element_type=\"column\">\n\t\t\t<div class=\"elementor-widget-wrap elementor-element-populated\">\n\t\t\t\t\t\t<div class=\"elementor-element elementor-element-5f03b04 uael-video-gallery__column-1 uael-video-gallery-title-always uael-video-gallery-tablet__column-2 uael-video-gallery-mobile__column-1 elementor-widget elementor-widget-uael-video-gallery\" data-id=\"5f03b04\" data-element_type=\"widget\" data-settings=\"{&quot;column_gap&quot;:{&quot;unit&quot;:&quot;px&quot;,&quot;size&quot;:1,&quot;sizes&quot;:[]},&quot;row_gap&quot;:{&quot;unit&quot;:&quot;px&quot;,&quot;size&quot;:2,&quot;sizes&quot;:[]},&quot;play_icon_size&quot;:{&quot;unit&quot;:&quot;px&quot;,&quot;size&quot;:40,&quot;sizes&quot;:[]},&quot;gallery_columns&quot;:&quot;1&quot;,&quot;gallery_columns_tablet&quot;:&quot;2&quot;,&quot;gallery_columns_mobile&quot;:&quot;1&quot;,&quot;column_gap_tablet&quot;:{&quot;unit&quot;:&quot;px&quot;,&quot;size&quot;:&quot;&quot;,&quot;sizes&quot;:[]},&quot;column_gap_mobile&quot;:{&quot;unit&quot;:&quot;px&quot;,&quot;size&quot;:&quot;&quot;,&quot;sizes&quot;:[]},&quot;row_gap_tablet&quot;:{&quot;unit&quot;:&quot;px&quot;,&quot;size&quot;:&quot;&quot;,&quot;sizes&quot;:[]},&quot;row_gap_mobile&quot;:{&quot;unit&quot;:&quot;px&quot;,&quot;size&quot;:&quot;&quot;,&quot;sizes&quot;:[]},&quot;play_icon_size_tablet&quot;:{&quot;unit&quot;:&quot;px&quot;,&quot;size&quot;:45,&quot;sizes&quot;:[]},&quot;play_icon_size_mobile&quot;:{&quot;unit&quot;:&quot;px&quot;,&quot;size&quot;:35,&quot;sizes&quot;:[]}}\" data-widget_type=\"uael-video-gallery.default\">\n\t\t\t\t<div class=\"elementor-widget-container\">\n\t\t\t\t\t<div class=\"uael-video-gallery-wrap uael-vg__layout-grid uael-vg__action-lightbox uael-aspect-ratio-16_9\" data-action=\"lightbox\" data-layout=\"grid\" data-all-filters=\"filter-enol-ensamble\" >\t\t\t\t<div class=\"uael-video__gallery-item\" id=\"uael-video__gallery-item1\">\n\n\t\t\t\t\t\t\t\t\t\t<div class=\"uael-video__gallery-iframe\" style=\"background-image:url('https:\/\/www.cristinagestido.com\/wp-content\/uploads\/2023\/08\/cristina_gestido_29.jpg');\">\n\t\t\t\t\t\t<a class=\"elementor-clickable uael-vg__play_full\" href=\"https:\/\/www.youtube.com\/watch?v=kZnIwez6VbA&amp;ab_channel=CristinaGestido\" data-fancybox=\"uael-video-gallery-5f03b04\">\n\t\t\t\t\t\t\t<div class=\"uael-video__content-wrap\">\n\t\t\t\t\t\t\t\t<div class=\"uael-video__content\">\n\t\t\t\t\t\t\t\t\t\n\t\t<h4 class=\"uael-video__caption\">A. Garc\u00eda Abril: Vaqueiras<\/h4>\n\n\t\t\t\t\t\t\t\t\t\t\t<div class=\"uael-vg__play\">\n\t\t\t\t\t\t\t\t\t\t\t\t\t\t\t\t\t\t<span class=\"elementor-animation- uael-vg__play-icon\">\n\t\t\t\t\t\t<i aria-hidden=\"true\" class=\"fa fa-play\"><\/i>\t\t\t\t\t<\/span>\n\t\t\t\t\t\t\t\t\t\t\t\t\t\t\t\t\t\t<\/div>\n\n\t\t\t\t\t\t\t\t\t\n\t\t<span class=\"uael-video__tags\">ENOL ASSEMBLY<\/span>\n\n\t\t\n\t\t\t\t\t\t\t\t<\/div>\n\t\t\t\t\t\t\t<\/div>\n\t\t\t\t\t\t<\/a>\n\t\t\t\t\t<\/div>\n\t\t\t\t\t\t\t\t\t\t<div class=\"uael-vg__overlay\"><\/div>\n\t\t\t\t\t\t\t\t\t<\/div>\n\t\t\t\t\t\t\t\t<div class=\"uael-video__gallery-item\" id=\"uael-video__gallery-item2\">\n\n\t\t\t\t\t\t\t\t\t\t<div class=\"uael-video__gallery-iframe\" style=\"background-image:url('https:\/\/www.cristinagestido.com\/wp-content\/uploads\/2023\/08\/cristina_gestido_29.jpg');\">\n\t\t\t\t\t\t<a class=\"elementor-clickable uael-vg__play_full\" href=\"https:\/\/www.youtube.com\/watch?v=pM-ccD7qBuI&amp;ab_channel=CristinaGestido\" data-fancybox=\"uael-video-gallery-5f03b04\">\n\t\t\t\t\t\t\t<div class=\"uael-video__content-wrap\">\n\t\t\t\t\t\t\t\t<div class=\"uael-video__content\">\n\t\t\t\t\t\t\t\t\t\n\t\t<h4 class=\"uael-video__caption\">J.Turina: Piano Quartet in A minor<\/h4>\n\n\t\t\t\t\t\t\t\t\t\t\t<div class=\"uael-vg__play\">\n\t\t\t\t\t\t\t\t\t\t\t\t\t\t\t\t\t\t<span class=\"elementor-animation- uael-vg__play-icon\">\n\t\t\t\t\t\t<i aria-hidden=\"true\" class=\"fa fa-play\"><\/i>\t\t\t\t\t<\/span>\n\t\t\t\t\t\t\t\t\t\t\t\t\t\t\t\t\t\t<\/div>\n\n\t\t\t\t\t\t\t\t\t\n\t\t<span class=\"uael-video__tags\">ENOL ASSEMBLY<\/span>\n\n\t\t\n\t\t\t\t\t\t\t\t<\/div>\n\t\t\t\t\t\t\t<\/div>\n\t\t\t\t\t\t<\/a>\n\t\t\t\t\t<\/div>\n\t\t\t\t\t\t\t\t\t\t<div class=\"uael-vg__overlay\"><\/div>\n\t\t\t\t\t\t\t\t\t<\/div>\n\t\t\t\t\t\t\t\t<div class=\"uael-video__gallery-item\" id=\"uael-video__gallery-item3\">\n\n\t\t\t\t\t\t\t\t\t\t<div class=\"uael-video__gallery-iframe\" style=\"background-image:url('https:\/\/www.cristinagestido.com\/wp-content\/uploads\/2023\/08\/cristina_gestido_29.jpg');\">\n\t\t\t\t\t\t<a class=\"elementor-clickable uael-vg__play_full\" href=\"https:\/\/www.youtube.com\/watch?v=ygxW6qtO14E&amp;ab_channel=CristinaGestido\" data-fancybox=\"uael-video-gallery-5f03b04\">\n\t\t\t\t\t\t\t<div class=\"uael-video__content-wrap\">\n\t\t\t\t\t\t\t\t<div class=\"uael-video__content\">\n\t\t\t\t\t\t\t\t\t\n\t\t<h4 class=\"uael-video__caption\">A. Dvorak: Piano Quartet No.2 Op.87<\/h4>\n\n\t\t\t\t\t\t\t\t\t\t\t<div class=\"uael-vg__play\">\n\t\t\t\t\t\t\t\t\t\t\t\t\t\t\t\t\t\t<span class=\"elementor-animation- uael-vg__play-icon\">\n\t\t\t\t\t\t<i aria-hidden=\"true\" class=\"fa fa-play\"><\/i>\t\t\t\t\t<\/span>\n\t\t\t\t\t\t\t\t\t\t\t\t\t\t\t\t\t\t<\/div>\n\n\t\t\t\t\t\t\t\t\t\n\t\t<span class=\"uael-video__tags\">ENOL ASSEMBLY<\/span>\n\n\t\t\n\t\t\t\t\t\t\t\t<\/div>\n\t\t\t\t\t\t\t<\/div>\n\t\t\t\t\t\t<\/a>\n\t\t\t\t\t<\/div>\n\t\t\t\t\t\t\t\t\t\t<div class=\"uael-vg__overlay\"><\/div>\n\t\t\t\t\t\t\t\t\t<\/div>\n\t\t\t\t\t\t\t\t<div class=\"uael-video__gallery-item\" id=\"uael-video__gallery-item4\">\n\n\t\t\t\t\t\t\t\t\t\t<div class=\"uael-video__gallery-iframe\" style=\"background-image:url('https:\/\/www.cristinagestido.com\/wp-content\/uploads\/2023\/08\/cristina_gestido_29.jpg');\">\n\t\t\t\t\t\t<a class=\"elementor-clickable uael-vg__play_full\" href=\"https:\/\/www.youtube.com\/watch?v=3gHmIggJRNU&amp;ab_channel=CristinaGestido\" data-fancybox=\"uael-video-gallery-5f03b04\">\n\t\t\t\t\t\t\t<div class=\"uael-video__content-wrap\">\n\t\t\t\t\t\t\t\t<div class=\"uael-video__content\">\n\t\t\t\t\t\t\t\t\t\n\t\t<h4 class=\"uael-video__caption\">P. Juon: Trip Miniaturen<\/h4>\n\n\t\t\t\t\t\t\t\t\t\t\t<div class=\"uael-vg__play\">\n\t\t\t\t\t\t\t\t\t\t\t\t\t\t\t\t\t\t<span class=\"elementor-animation- uael-vg__play-icon\">\n\t\t\t\t\t\t<i aria-hidden=\"true\" class=\"fa fa-play\"><\/i>\t\t\t\t\t<\/span>\n\t\t\t\t\t\t\t\t\t\t\t\t\t\t\t\t\t\t<\/div>\n\n\t\t\t\t\t\t\t\t\t\n\t\t<span class=\"uael-video__tags\">ENOL ASSEMBLY<\/span>\n\n\t\t\n\t\t\t\t\t\t\t\t<\/div>\n\t\t\t\t\t\t\t<\/div>\n\t\t\t\t\t\t<\/a>\n\t\t\t\t\t<\/div>\n\t\t\t\t\t\t\t\t\t\t<div class=\"uael-vg__overlay\"><\/div>\n\t\t\t\t\t\t\t\t\t<\/div>\n\t\t\t\t<\/div>\t\t<script type=\"text\/javascript\">\n\t\t\tjQuery( document ).ready( function( $ ) {\n\n\t\t\t\t$( '.uael-video-gallery-wrap' ).each( function() {\n\n\t\t\t\t\tvar $node_id \t= '5f03b04';\n\t\t\t\t\tvar\tscope \t\t= $( '[data-id=\"' + $node_id + '\"]' );\n\t\t\t\t\tvar selector \t= $(this);\n\n\t\t\t\t\tif ( selector.closest( scope ).length < 1 ) {\n\t\t\t\t\t\treturn;\n\t\t\t\t\t}\n\n\t\t\t\t\tif ( ! selector.hasClass( 'uael-video-gallery-filter' ) ) {\n\t\t\t\t\t\treturn;\n\t\t\t\t\t}\n\n\t\t\t\t\tvar filters = scope.find( '.uael-video__gallery-filters' );\n\t\t\t\t\tvar def_cat = '*';\n\n\t\t\t\t\tif ( filters.length > 0 ) {\n\n\t\t\t\t\t\tvar def_filter = filters.data( 'default' );\n\n\t\t\t\t\t\tif ( '' !== def_filter ) {\n\n\t\t\t\t\t\t\tdef_cat \t= def_filter;\n\t\t\t\t\t\t\tdef_cat_sel = filters.find( '[data-filter=\"' + def_filter + '\"]' );\n\n\t\t\t\t\t\t\tif ( def_cat_sel.length > 0 ) {\n\t\t\t\t\t\t\t\tdef_cat_sel.siblings().removeClass( 'uael-filter__current' );\n\t\t\t\t\t\t\t\tdef_cat_sel.addClass( 'uael-filter__current' );\n\t\t\t\t\t\t\t}\n\t\t\t\t\t\t}\n\t\t\t\t\t}\n\n\t\t\t\t\tvar $obj = {};\n\n\t\t\t\t\tselector.imagesLoaded( function( e ) {\n\n\t\t\t\t\t\t$obj = selector.isotope({\n\t\t\t\t\t\t\tfilter: def_cat,\n\t\t\t\t\t\t\tlayoutMode: 'masonry',\n\t\t\t\t\t\t\titemSelector: '.uael-video__gallery-item',\n\t\t\t\t\t\t});\n\n\t\t\t\t\t\tselector.find( '.uael-video__gallery-item' ).resize( function() {\n\t\t\t\t\t\t\t$obj.isotope( 'layout' );\n\t\t\t\t\t\t});\n\t\t\t\t\t});\n\n\t\t\t\t});\n\t\t\t});\n\t\t<\/script>\n\t\t\t\t\t\t<\/div>\n\t\t\t\t<\/div>\n\t\t\t\t\t<\/div>\n\t\t<\/div>\n\t\t\t\t\t<\/div>\n\t\t<\/section>\n\t\t\t\t<section class=\"elementor-section elementor-top-section elementor-element elementor-element-9b7cb91 elementor-section-boxed elementor-section-height-default elementor-section-height-default\" data-id=\"9b7cb91\" data-element_type=\"section\">\n\t\t\t\t\t\t<div class=\"elementor-container elementor-column-gap-default\">\n\t\t\t\t\t<div class=\"elementor-column elementor-col-100 elementor-top-column elementor-element elementor-element-b064783\" data-id=\"b064783\" data-element_type=\"column\">\n\t\t\t<div class=\"elementor-widget-wrap\">\n\t\t\t\t\t\t\t<\/div>\n\t\t<\/div>\n\t\t\t\t\t<\/div>\n\t\t<\/section>\n\t\t\t\t<\/div>","protected":false},"excerpt":{"rendered":"<p>Enol Ensemble The ENOL ENSEMBLE is formed by musicians whose interest is to investigate chamber music, exploring various formations, styles and periods with the intention of bringing to the public a wide repertoire that is not always easy to hear in concert halls. With the piano quartet as the central axis of the [\u2026]<\/p>","protected":false},"author":5,"featured_media":0,"parent":0,"menu_order":7,"comment_status":"closed","ping_status":"closed","template":"","meta":{"_joinchat":[],"footnotes":""},"class_list":["post-922","page","type-page","status-publish","hentry"],"yoast_head":"<!-- This site is optimized with the Yoast SEO plugin v24.4 - https:\/\/yoast.com\/wordpress\/plugins\/seo\/ -->\n<title>Enol | Cristina Gestido<\/title>\n<meta name=\"robots\" content=\"index, follow, max-snippet:-1, max-image-preview:large, max-video-preview:-1\" \/>\n<link rel=\"canonical\" href=\"https:\/\/www.cristinagestido.com\/en\/enol\/\" \/>\n<meta property=\"og:locale\" content=\"en_US\" \/>\n<meta property=\"og:type\" content=\"article\" \/>\n<meta property=\"og:title\" content=\"Enol | Cristina Gestido\" \/>\n<meta property=\"og:description\" content=\"Enol Ensemble El ENOL ENSEMBLE se forma con mu\u0301sicos cuyo intere\u0301s es investigar en la mu\u0301sica de ca\u0301mara explorando diversas formaciones, estilos y e\u0301pocas con la intencio\u0301n de hacer llegar al pu\u0301blico un repertorio amplio que no siempre es fa\u0301cil de escuchar en salas de concierto. Con el cuarteto con piano como eje central del [&hellip;]\" \/>\n<meta property=\"og:url\" content=\"https:\/\/www.cristinagestido.com\/en\/enol\/\" \/>\n<meta property=\"og:site_name\" content=\"Cristina Gestido\" \/>\n<meta property=\"article:modified_time\" content=\"2024-01-12T19:47:01+00:00\" \/>\n<meta property=\"og:image\" content=\"https:\/\/www.cristinagestido.com\/wp-content\/uploads\/2023\/08\/trabajos.jpg\" \/>\n\t<meta property=\"og:image:width\" content=\"960\" \/>\n\t<meta property=\"og:image:height\" content=\"960\" \/>\n\t<meta property=\"og:image:type\" content=\"image\/jpeg\" \/>\n<meta name=\"twitter:card\" content=\"summary_large_image\" \/>\n<script type=\"application\/ld+json\" class=\"yoast-schema-graph\">{\"@context\":\"https:\/\/schema.org\",\"@graph\":[{\"@type\":\"WebPage\",\"@id\":\"https:\/\/www.cristinagestido.com\/enol\/\",\"url\":\"https:\/\/www.cristinagestido.com\/enol\/\",\"name\":\"Enol | Cristina Gestido\",\"isPartOf\":{\"@id\":\"https:\/\/www.cristinagestido.com\/#website\"},\"datePublished\":\"2023-08-04T17:04:32+00:00\",\"dateModified\":\"2024-01-12T19:47:01+00:00\",\"breadcrumb\":{\"@id\":\"https:\/\/www.cristinagestido.com\/enol\/#breadcrumb\"},\"inLanguage\":\"en-US\",\"potentialAction\":[{\"@type\":\"ReadAction\",\"target\":[\"https:\/\/www.cristinagestido.com\/enol\/\"]}]},{\"@type\":\"BreadcrumbList\",\"@id\":\"https:\/\/www.cristinagestido.com\/enol\/#breadcrumb\",\"itemListElement\":[{\"@type\":\"ListItem\",\"position\":1,\"name\":\"Inicio\",\"item\":\"https:\/\/www.cristinagestido.com\/\"},{\"@type\":\"ListItem\",\"position\":2,\"name\":\"Enol\"}]},{\"@type\":\"WebSite\",\"@id\":\"https:\/\/www.cristinagestido.com\/#website\",\"url\":\"https:\/\/www.cristinagestido.com\/\",\"name\":\"Cristina Gestido\",\"description\":\"Interpretaci\u00f3n y composici\u00f3n\",\"publisher\":{\"@id\":\"https:\/\/www.cristinagestido.com\/#organization\"},\"potentialAction\":[{\"@type\":\"SearchAction\",\"target\":{\"@type\":\"EntryPoint\",\"urlTemplate\":\"https:\/\/www.cristinagestido.com\/?s={search_term_string}\"},\"query-input\":{\"@type\":\"PropertyValueSpecification\",\"valueRequired\":true,\"valueName\":\"search_term_string\"}}],\"inLanguage\":\"en-US\"},{\"@type\":\"Organization\",\"@id\":\"https:\/\/www.cristinagestido.com\/#organization\",\"name\":\"Cristina Gestido\",\"url\":\"https:\/\/www.cristinagestido.com\/\",\"logo\":{\"@type\":\"ImageObject\",\"inLanguage\":\"en-US\",\"@id\":\"https:\/\/www.cristinagestido.com\/#\/schema\/logo\/image\/\",\"url\":\"https:\/\/www.cristinagestido.com\/wp-content\/uploads\/2023\/08\/ig-1.png\",\"contentUrl\":\"https:\/\/www.cristinagestido.com\/wp-content\/uploads\/2023\/08\/ig-1.png\",\"width\":1920,\"height\":1920,\"caption\":\"Cristina Gestido\"},\"image\":{\"@id\":\"https:\/\/www.cristinagestido.com\/#\/schema\/logo\/image\/\"}}]}<\/script>\n<!-- \/ Yoast SEO plugin. -->","yoast_head_json":{"title":"Enol | Cristina Gestido","robots":{"index":"index","follow":"follow","max-snippet":"max-snippet:-1","max-image-preview":"max-image-preview:large","max-video-preview":"max-video-preview:-1"},"canonical":"https:\/\/www.cristinagestido.com\/en\/enol\/","og_locale":"en_US","og_type":"article","og_title":"Enol | Cristina Gestido","og_description":"Enol Ensemble El ENOL ENSEMBLE se forma con mu\u0301sicos cuyo intere\u0301s es investigar en la mu\u0301sica de ca\u0301mara explorando diversas formaciones, estilos y e\u0301pocas con la intencio\u0301n de hacer llegar al pu\u0301blico un repertorio amplio que no siempre es fa\u0301cil de escuchar en salas de concierto. Con el cuarteto con piano como eje central del [&hellip;]","og_url":"https:\/\/www.cristinagestido.com\/en\/enol\/","og_site_name":"Cristina Gestido","article_modified_time":"2024-01-12T19:47:01+00:00","og_image":[{"width":960,"height":960,"url":"https:\/\/www.cristinagestido.com\/wp-content\/uploads\/2023\/08\/trabajos.jpg","type":"image\/jpeg"}],"twitter_card":"summary_large_image","schema":{"@context":"https:\/\/schema.org","@graph":[{"@type":"WebPage","@id":"https:\/\/www.cristinagestido.com\/enol\/","url":"https:\/\/www.cristinagestido.com\/enol\/","name":"Enol | Cristina Gestido","isPartOf":{"@id":"https:\/\/www.cristinagestido.com\/#website"},"datePublished":"2023-08-04T17:04:32+00:00","dateModified":"2024-01-12T19:47:01+00:00","breadcrumb":{"@id":"https:\/\/www.cristinagestido.com\/enol\/#breadcrumb"},"inLanguage":"en-US","potentialAction":[{"@type":"ReadAction","target":["https:\/\/www.cristinagestido.com\/enol\/"]}]},{"@type":"BreadcrumbList","@id":"https:\/\/www.cristinagestido.com\/enol\/#breadcrumb","itemListElement":[{"@type":"ListItem","position":1,"name":"Inicio","item":"https:\/\/www.cristinagestido.com\/"},{"@type":"ListItem","position":2,"name":"Enol"}]},{"@type":"WebSite","@id":"https:\/\/www.cristinagestido.com\/#website","url":"https:\/\/www.cristinagestido.com\/","name":"Cristina Gestido","description":"Interpretaci\u00f3n y composici\u00f3n","publisher":{"@id":"https:\/\/www.cristinagestido.com\/#organization"},"potentialAction":[{"@type":"SearchAction","target":{"@type":"EntryPoint","urlTemplate":"https:\/\/www.cristinagestido.com\/?s={search_term_string}"},"query-input":{"@type":"PropertyValueSpecification","valueRequired":true,"valueName":"search_term_string"}}],"inLanguage":"en-US"},{"@type":"Organization","@id":"https:\/\/www.cristinagestido.com\/#organization","name":"Cristina Gestido","url":"https:\/\/www.cristinagestido.com\/","logo":{"@type":"ImageObject","inLanguage":"en-US","@id":"https:\/\/www.cristinagestido.com\/#\/schema\/logo\/image\/","url":"https:\/\/www.cristinagestido.com\/wp-content\/uploads\/2023\/08\/ig-1.png","contentUrl":"https:\/\/www.cristinagestido.com\/wp-content\/uploads\/2023\/08\/ig-1.png","width":1920,"height":1920,"caption":"Cristina Gestido"},"image":{"@id":"https:\/\/www.cristinagestido.com\/#\/schema\/logo\/image\/"}}]}},"_links":{"self":[{"href":"https:\/\/www.cristinagestido.com\/en\/wp-json\/wp\/v2\/pages\/922","targetHints":{"allow":["GET"]}}],"collection":[{"href":"https:\/\/www.cristinagestido.com\/en\/wp-json\/wp\/v2\/pages"}],"about":[{"href":"https:\/\/www.cristinagestido.com\/en\/wp-json\/wp\/v2\/types\/page"}],"author":[{"embeddable":true,"href":"https:\/\/www.cristinagestido.com\/en\/wp-json\/wp\/v2\/users\/5"}],"replies":[{"embeddable":true,"href":"https:\/\/www.cristinagestido.com\/en\/wp-json\/wp\/v2\/comments?post=922"}],"version-history":[{"count":5,"href":"https:\/\/www.cristinagestido.com\/en\/wp-json\/wp\/v2\/pages\/922\/revisions"}],"predecessor-version":[{"id":1546,"href":"https:\/\/www.cristinagestido.com\/en\/wp-json\/wp\/v2\/pages\/922\/revisions\/1546"}],"wp:attachment":[{"href":"https:\/\/www.cristinagestido.com\/en\/wp-json\/wp\/v2\/media?parent=922"}],"curies":[{"name":"wp","href":"https:\/\/api.w.org\/{rel}","templated":true}]}}